{"id":174,"date":"2023-12-12T10:13:47","date_gmt":"2023-12-12T09:13:47","guid":{"rendered":"https:\/\/gestsoft.cat\/proves\/serradora\/?page_id=174"},"modified":"2024-03-15T16:28:32","modified_gmt":"2024-03-15T15:28:32","slug":"productes","status":"publish","type":"page","link":"https:\/\/www.serradoraverges.com\/es\/productes\/","title":{"rendered":"\u00a0Productos"},"content":{"rendered":"<div data-elementor-type=\"wp-page\" data-elementor-id=\"174\" class=\"elementor elementor-174\">\n\t\t\t\t\t\t\t<div class=\"elementor-element elementor-element-b7847a2 e-con-full e-flex e-con e-parent\" data-id=\"b7847a2\" data-element_type=\"container\" data-settings=\"{&quot;content_width&quot;:&quot;full&quot;}\" data-core-v316-plus=\"true\">\n\t\t<div class=\"elementor-element elementor-element-5bc61a2 e-con-full e-flex e-con e-child\" data-id=\"5bc61a2\" data-element_type=\"container\" data-settings=\"{&quot;content_width&quot;:&quot;full&quot;}\">\n\t\t\t\t<div class=\"elementor-element elementor-element-d66d3e7 elementor-invisible elementor-widget elementor-widget-image\" data-id=\"d66d3e7\" data-element_type=\"widget\" data-settings=\"{&quot;_animation&quot;:&quot;fadeInLeft&quot;}\" data-widget_type=\"image.default\">\n\t\t\t\t<div class=\"elementor-widget-container\">\n\t\t\t<style>\/*! elementor - v3.18.0 - 08-12-2023 *\/\n.elementor-widget-image{text-align:center}.elementor-widget-image a{display:inline-block}.elementor-widget-image a img[src$=\".svg\"]{width:48px}.elementor-widget-image img{vertical-align:middle;display:inline-block}<\/style>\t\t\t\t\t\t\t\t\t\t\t\t<img fetchpriority=\"high\" decoding=\"async\" width=\"300\" height=\"281\" src=\"https:\/\/www.serradoraverges.com\/wp-content\/uploads\/2023\/12\/pal.png\" class=\"attachment-medium size-medium wp-image-345\" alt=\"\" \/>\t\t\t\t\t\t\t\t\t\t\t\t\t\t\t<\/div>\n\t\t\t\t<\/div>\n\t\t\t\t<\/div>\n\t\t<div class=\"elementor-element elementor-element-735f15f e-con-full e-flex e-con e-child\" data-id=\"735f15f\" data-element_type=\"container\" data-settings=\"{&quot;content_width&quot;:&quot;full&quot;}\">\n\t\t\t\t<div class=\"elementor-element elementor-element-7054c7a elementor-widget elementor-widget-text-editor\" data-id=\"7054c7a\" data-element_type=\"widget\" data-widget_type=\"text-editor.default\">\n\t\t\t\t<div class=\"elementor-widget-container\">\n\t\t\t<style>\/*! elementor - v3.18.0 - 08-12-2023 *\/\n.elementor-widget-text-editor.elementor-drop-cap-view-stacked .elementor-drop-cap{background-color:#69727d;color:#fff}.elementor-widget-text-editor.elementor-drop-cap-view-framed .elementor-drop-cap{color:#69727d;border:3px solid;background-color:transparent}.elementor-widget-text-editor:not(.elementor-drop-cap-view-default) .elementor-drop-cap{margin-top:8px}.elementor-widget-text-editor:not(.elementor-drop-cap-view-default) .elementor-drop-cap-letter{width:1em;height:1em}.elementor-widget-text-editor .elementor-drop-cap{float:left;text-align:center;line-height:1;font-size:50px}.elementor-widget-text-editor .elementor-drop-cap-letter{display:inline-block}<\/style>\t\t\t\t<h3>Nos especializamos en toda gama de embalajes y pal\u00e9s a medida sin olvidarnos de los tama\u00f1os est\u00e1ndar.<\/h3><h3>Tenim una gran varietat de productes sempre en stock per tal de no deixar cap client sense ser at\u00e8s.<\/h3>\t\t\t\t\t\t<\/div>\n\t\t\t\t<\/div>\n\t\t\t\t<\/div>\n\t\t\t\t<\/div>\n\t\t<div class=\"elementor-element elementor-element-7082b92 e-con-full e-flex e-con e-parent\" data-id=\"7082b92\" data-element_type=\"container\" data-settings=\"{&quot;content_width&quot;:&quot;full&quot;}\" data-core-v316-plus=\"true\">\n\t\t<div class=\"elementor-element elementor-element-1fb27f2 e-con-full e-flex e-con e-child\" data-id=\"1fb27f2\" data-element_type=\"container\" data-settings=\"{&quot;content_width&quot;:&quot;full&quot;}\">\n\t\t\t\t<div class=\"elementor-element elementor-element-bde47a7 elementor-widget elementor-widget-text-editor\" data-id=\"bde47a7\" data-element_type=\"widget\" data-widget_type=\"text-editor.default\">\n\t\t\t\t<div class=\"elementor-widget-container\">\n\t\t\t\t\t\t\t<h1>\u00a0<\/h1><div>\u00a0<\/div><h1><span style=\"text-decoration: underline;\">Palets Standard<\/span><\/h1><div><span style=\"text-decoration: underline;\">\u00a0<\/span><\/div><h3>Fabriquem les mides standard de palets des de la mida 120 x 80 (NO EUROPALET) i\u00a0 120 x 100 Palet America<\/h3>\t\t\t\t\t\t<\/div>\n\t\t\t\t<\/div>\n\t\t\t\t<\/div>\n\t\t<div class=\"elementor-element elementor-element-927277f e-con-full e-flex e-con e-child\" data-id=\"927277f\" data-element_type=\"container\" data-settings=\"{&quot;content_width&quot;:&quot;full&quot;}\">\n\t\t\t\t<div class=\"elementor-element elementor-element-2010182 elementor-invisible elementor-widget elementor-widget-image\" data-id=\"2010182\" data-element_type=\"widget\" data-settings=\"{&quot;_animation&quot;:&quot;fadeInRight&quot;}\" data-widget_type=\"image.default\">\n\t\t\t\t<div class=\"elementor-widget-container\">\n\t\t\t\t\t\t\t\t\t\t\t\t\t\t\t<img decoding=\"async\" width=\"576\" height=\"769\" src=\"https:\/\/www.serradoraverges.com\/wp-content\/uploads\/2023\/12\/prod1.png\" class=\"attachment-medium_large size-medium_large wp-image-378\" alt=\"\" \/>\t\t\t\t\t\t\t\t\t\t\t\t\t\t\t<\/div>\n\t\t\t\t<\/div>\n\t\t\t\t<\/div>\n\t\t\t\t<\/div>\n\t\t<div class=\"elementor-element elementor-element-070cbcc e-con-full e-flex e-con e-parent\" data-id=\"070cbcc\" data-element_type=\"container\" data-settings=\"{&quot;content_width&quot;:&quot;full&quot;}\" data-core-v316-plus=\"true\">\n\t\t<div class=\"elementor-element elementor-element-8478237 e-con-full e-flex e-con e-child\" data-id=\"8478237\" data-element_type=\"container\" data-settings=\"{&quot;content_width&quot;:&quot;full&quot;}\">\n\t\t\t\t<div class=\"elementor-element elementor-element-2d83d31 elementor-widget elementor-widget-image\" data-id=\"2d83d31\" data-element_type=\"widget\" data-widget_type=\"image.default\">\n\t\t\t\t<div class=\"elementor-widget-container\">\n\t\t\t\t\t\t\t\t\t\t\t\t\t\t\t<img decoding=\"async\" width=\"897\" height=\"562\" src=\"https:\/\/www.serradoraverges.com\/wp-content\/uploads\/2023\/12\/prod2.png\" class=\"attachment-large size-large wp-image-377\" alt=\"\" \/>\t\t\t\t\t\t\t\t\t\t\t\t\t\t\t<\/div>\n\t\t\t\t<\/div>\n\t\t\t\t<\/div>\n\t\t<div class=\"elementor-element elementor-element-1dd99b3 e-con-full e-flex e-con e-child\" data-id=\"1dd99b3\" data-element_type=\"container\" data-settings=\"{&quot;content_width&quot;:&quot;full&quot;}\">\n\t\t\t\t<div class=\"elementor-element elementor-element-b65dc10 elementor-widget elementor-widget-text-editor\" data-id=\"b65dc10\" data-element_type=\"widget\" data-widget_type=\"text-editor.default\">\n\t\t\t\t<div class=\"elementor-widget-container\">\n\t\t\t\t\t\t\t<h1>\u00a0<\/h1><h1><span style=\"text-decoration: underline;\">Embalatge de Fusta<\/span><\/h1><div><span style=\"text-decoration: underline;\">\u00a0<\/span><\/div><h3>Realitzem tot tipus de embalatges, des de caixes i gabies per recanvis, fins a gran maquinaria industrial.<\/h3><h3>Tot el que es necessiti enviar, nosaltres ho podem embalar.<\/h3>\t\t\t\t\t\t<\/div>\n\t\t\t\t<\/div>\n\t\t\t\t<\/div>\n\t\t\t\t<\/div>\n\t\t\t\t\t\t\t<\/div>","protected":false},"excerpt":{"rendered":"<p>Ens especialitzem en tota gama d&#8217;embalatges i palets a mida sense oblidar-nos de les mides est\u00e0ndards. Tenim una gran varietat de productes sempre en stock per tal de no deixar cap client sense ser at\u00e8s. \u00a0 \u00a0 Palets Standard \u00a0 Fabriquem les mides standard de palets des de la mida 120 x 80 (NO EUROPALET) [&hellip;]<\/p>","protected":false},"author":1,"featured_media":0,"parent":0,"menu_order":0,"comment_status":"closed","ping_status":"closed","template":"elementor_header_footer","meta":{"_monsterinsights_skip_tracking":false,"_monsterinsights_sitenote_active":false,"_monsterinsights_sitenote_note":"","_monsterinsights_sitenote_category":0,"footnotes":""},"class_list":["post-174","page","type-page","status-publish","hentry"],"aioseo_notices":[],"_links":{"self":[{"href":"https:\/\/www.serradoraverges.com\/es\/wp-json\/wp\/v2\/pages\/174","targetHints":{"allow":["GET"]}}],"collection":[{"href":"https:\/\/www.serradoraverges.com\/es\/wp-json\/wp\/v2\/pages"}],"about":[{"href":"https:\/\/www.serradoraverges.com\/es\/wp-json\/wp\/v2\/types\/page"}],"author":[{"embeddable":true,"href":"https:\/\/www.serradoraverges.com\/es\/wp-json\/wp\/v2\/users\/1"}],"replies":[{"embeddable":true,"href":"https:\/\/www.serradoraverges.com\/es\/wp-json\/wp\/v2\/comments?post=174"}],"version-history":[{"count":25,"href":"https:\/\/www.serradoraverges.com\/es\/wp-json\/wp\/v2\/pages\/174\/revisions"}],"predecessor-version":[{"id":550,"href":"https:\/\/www.serradoraverges.com\/es\/wp-json\/wp\/v2\/pages\/174\/revisions\/550"}],"wp:attachment":[{"href":"https:\/\/www.serradoraverges.com\/es\/wp-json\/wp\/v2\/media?parent=174"}],"curies":[{"name":"wp","href":"https:\/\/api.w.org\/{rel}","templated":true}]}}