{"id":216,"date":"2023-12-12T10:23:50","date_gmt":"2023-12-12T09:23:50","guid":{"rendered":"https:\/\/gestsoft.cat\/proves\/serradora\/?page_id=216"},"modified":"2024-05-03T16:54:50","modified_gmt":"2024-05-03T14:54:50","slug":"serveis","status":"publish","type":"page","link":"https:\/\/www.serradoraverges.com\/es\/serveis\/","title":{"rendered":"Servicios"},"content":{"rendered":"<div data-elementor-type=\"wp-page\" data-elementor-id=\"216\" class=\"elementor elementor-216\">\n\t\t\t\t\t\t\t<div class=\"elementor-element elementor-element-0f0c2d7 e-con-full e-flex e-con e-parent\" data-id=\"0f0c2d7\" data-element_type=\"container\" data-settings=\"{&quot;content_width&quot;:&quot;full&quot;}\" data-core-v316-plus=\"true\">\n\t\t<div class=\"elementor-element elementor-element-461b756 e-con-full e-flex e-con e-child\" data-id=\"461b756\" data-element_type=\"container\" data-settings=\"{&quot;content_width&quot;:&quot;full&quot;}\">\n\t\t\t\t<div class=\"elementor-element elementor-element-2376d0d elementor-invisible elementor-widget elementor-widget-image\" data-id=\"2376d0d\" data-element_type=\"widget\" data-settings=\"{&quot;_animation&quot;:&quot;fadeInLeft&quot;}\" data-widget_type=\"image.default\">\n\t\t\t\t<div class=\"elementor-widget-container\">\n\t\t\t<style>\/*! elementor - v3.18.0 - 08-12-2023 *\/\n.elementor-widget-image{text-align:center}.elementor-widget-image a{display:inline-block}.elementor-widget-image a img[src$=\".svg\"]{width:48px}.elementor-widget-image img{vertical-align:middle;display:inline-block}<\/style>\t\t\t\t\t\t\t\t\t\t\t\t<img fetchpriority=\"high\" decoding=\"async\" width=\"300\" height=\"281\" src=\"https:\/\/www.serradoraverges.com\/wp-content\/uploads\/2023\/12\/pal.png\" class=\"attachment-medium size-medium wp-image-345\" alt=\"\" \/>\t\t\t\t\t\t\t\t\t\t\t\t\t\t\t<\/div>\n\t\t\t\t<\/div>\n\t\t\t\t<\/div>\n\t\t<div class=\"elementor-element elementor-element-9d3a93f e-con-full e-flex e-con e-child\" data-id=\"9d3a93f\" data-element_type=\"container\" data-settings=\"{&quot;content_width&quot;:&quot;full&quot;}\">\n\t\t\t\t<div class=\"elementor-element elementor-element-61026fb elementor-widget elementor-widget-text-editor\" data-id=\"61026fb\" data-element_type=\"widget\" data-widget_type=\"text-editor.default\">\n\t\t\t\t<div class=\"elementor-widget-container\">\n\t\t\t<style>\/*! elementor - v3.18.0 - 08-12-2023 *\/\n.elementor-widget-text-editor.elementor-drop-cap-view-stacked .elementor-drop-cap{background-color:#69727d;color:#fff}.elementor-widget-text-editor.elementor-drop-cap-view-framed .elementor-drop-cap{color:#69727d;border:3px solid;background-color:transparent}.elementor-widget-text-editor:not(.elementor-drop-cap-view-default) .elementor-drop-cap{margin-top:8px}.elementor-widget-text-editor:not(.elementor-drop-cap-view-default) .elementor-drop-cap-letter{width:1em;height:1em}.elementor-widget-text-editor .elementor-drop-cap{float:left;text-align:center;line-height:1;font-size:50px}.elementor-widget-text-editor .elementor-drop-cap-letter{display:inline-block}<\/style>\t\t\t\t<h3>Ens especialitzem en en serveis d&#8217;assessoria de muntatge i trincatge per assegurar la millor opci\u00f3 de protecci\u00f3 per l&#8217;enviament dels seus productes.<\/h3><h3>Tenim una gran varietat de productes sempre en stock per tal de no deixar cap client sense ser at\u00e8s.<\/h3>\t\t\t\t\t\t<\/div>\n\t\t\t\t<\/div>\n\t\t\t\t<\/div>\n\t\t\t\t<\/div>\n\t\t<div class=\"elementor-element elementor-element-2b5c45b e-con-full e-flex e-con e-parent\" data-id=\"2b5c45b\" data-element_type=\"container\" data-settings=\"{&quot;content_width&quot;:&quot;full&quot;}\" data-core-v316-plus=\"true\">\n\t\t<div class=\"elementor-element elementor-element-af3e94a e-con-full e-flex e-con e-child\" data-id=\"af3e94a\" data-element_type=\"container\" data-settings=\"{&quot;content_width&quot;:&quot;full&quot;}\">\n\t\t\t\t<div class=\"elementor-element elementor-element-5d81cfb elementor-widget elementor-widget-text-editor\" data-id=\"5d81cfb\" data-element_type=\"widget\" data-widget_type=\"text-editor.default\">\n\t\t\t\t<div class=\"elementor-widget-container\">\n\t\t\t\t\t\t\t<div>\u00a0<\/div><h1><span style=\"text-decoration: underline;\">Asesor\u00eda T\u00e9cnica<\/span><\/h1><div>\u00a0<\/div><div class=\"n module-type-header diyfeLiveArea\"><h3>Disenyem i fabriquem embalatges industrials de totes mides i per qualsevol tipus de carga.<br \/>Oferim tots els nostres anys d\u2019experi\u00e8ncia en el sector, per assegurar un embalatge o palet que s\u2019adeq\u00fci al m\u00e0xim a les necessitats del nostres clients.<\/h3><\/div>\t\t\t\t\t\t<\/div>\n\t\t\t\t<\/div>\n\t\t\t\t<\/div>\n\t\t<div class=\"elementor-element elementor-element-39ae139 e-con-full e-flex e-con e-child\" data-id=\"39ae139\" data-element_type=\"container\" data-settings=\"{&quot;content_width&quot;:&quot;full&quot;}\">\n\t\t\t\t<div class=\"elementor-element elementor-element-733f4e2 elementor-invisible elementor-widget elementor-widget-image\" data-id=\"733f4e2\" data-element_type=\"widget\" data-settings=\"{&quot;_animation&quot;:&quot;fadeInRight&quot;}\" data-widget_type=\"image.default\">\n\t\t\t\t<div class=\"elementor-widget-container\">\n\t\t\t\t\t\t\t\t\t\t\t\t\t\t\t<img decoding=\"async\" width=\"768\" height=\"639\" src=\"https:\/\/www.serradoraverges.com\/wp-content\/uploads\/2023\/12\/serveis2.png\" class=\"attachment-medium_large size-medium_large wp-image-127\" alt=\"\" \/>\t\t\t\t\t\t\t\t\t\t\t\t\t\t\t<\/div>\n\t\t\t\t<\/div>\n\t\t\t\t<\/div>\n\t\t\t\t<\/div>\n\t\t<div class=\"elementor-element elementor-element-040ea6c e-con-full e-flex e-con e-parent\" data-id=\"040ea6c\" data-element_type=\"container\" data-settings=\"{&quot;content_width&quot;:&quot;full&quot;}\" data-core-v316-plus=\"true\">\n\t\t<div class=\"elementor-element elementor-element-3973571 e-con-full e-flex e-con e-child\" data-id=\"3973571\" data-element_type=\"container\" data-settings=\"{&quot;content_width&quot;:&quot;full&quot;}\">\n\t\t\t\t<div class=\"elementor-element elementor-element-00ef8a7 elementor-widget elementor-widget-image\" data-id=\"00ef8a7\" data-element_type=\"widget\" data-widget_type=\"image.default\">\n\t\t\t\t<div class=\"elementor-widget-container\">\n\t\t\t\t\t\t\t\t\t\t\t\t\t\t\t<img decoding=\"async\" width=\"897\" height=\"562\" src=\"https:\/\/www.serradoraverges.com\/wp-content\/uploads\/2023\/12\/prod2.png\" class=\"attachment-large size-large wp-image-377\" alt=\"\" \/>\t\t\t\t\t\t\t\t\t\t\t\t\t\t\t<\/div>\n\t\t\t\t<\/div>\n\t\t\t\t<\/div>\n\t\t<div class=\"elementor-element elementor-element-d95a21c e-con-full e-flex e-con e-child\" data-id=\"d95a21c\" data-element_type=\"container\" data-settings=\"{&quot;content_width&quot;:&quot;full&quot;}\">\n\t\t\t\t<div class=\"elementor-element elementor-element-1181139 elementor-widget elementor-widget-text-editor\" data-id=\"1181139\" data-element_type=\"widget\" data-widget_type=\"text-editor.default\">\n\t\t\t\t<div class=\"elementor-widget-container\">\n\t\t\t\t\t\t\t<h1><\/h1>\n<h1><span style=\"text-decoration: underline;\">Muntatge i Trincatge<\/span><\/h1>\n<div><\/div>\n<div class=\"n module-type-header diyfeLiveArea\">\n<h3>\u00a0Podem assegurar la carga amb trincatges homologats de fixaci\u00f3 i bloqueix. I si cal, el nostre equip tamb\u00e9 es pot desple\u00e7ar, en cas de necessitat, fins a l&#8217;empresa perqu\u00e8 la carga arribi al seu dest\u00ed en les millors condicions<\/h3>\n<\/div>\n<div class=\"n module-type-text diyfeLiveArea\">\n<h3><\/h3>\n<\/div>\t\t\t\t\t\t<\/div>\n\t\t\t\t<\/div>\n\t\t\t\t<\/div>\n\t\t\t\t<\/div>\n\t\t\t\t\t\t\t<\/div>","protected":false},"excerpt":{"rendered":"<p>Ens especialitzem en en serveis d&#8217;assessoria de muntatge i trincatge per assegurar la millor opci\u00f3 de protecci\u00f3 per l&#8217;enviament dels seus productes. Tenim una gran varietat de productes sempre en stock per tal de no deixar cap client sense ser at\u00e8s. \u00a0 Assessoria T\u00e8cnica \u00a0 Disenyem i fabriquem embalatges industrials de totes mides i per [&hellip;]<\/p>","protected":false},"author":1,"featured_media":0,"parent":0,"menu_order":0,"comment_status":"closed","ping_status":"closed","template":"elementor_header_footer","meta":{"_monsterinsights_skip_tracking":false,"_monsterinsights_sitenote_active":false,"_monsterinsights_sitenote_note":"","_monsterinsights_sitenote_category":0,"footnotes":""},"class_list":["post-216","page","type-page","status-publish","hentry"],"aioseo_notices":[],"_links":{"self":[{"href":"https:\/\/www.serradoraverges.com\/es\/wp-json\/wp\/v2\/pages\/216","targetHints":{"allow":["GET"]}}],"collection":[{"href":"https:\/\/www.serradoraverges.com\/es\/wp-json\/wp\/v2\/pages"}],"about":[{"href":"https:\/\/www.serradoraverges.com\/es\/wp-json\/wp\/v2\/types\/page"}],"author":[{"embeddable":true,"href":"https:\/\/www.serradoraverges.com\/es\/wp-json\/wp\/v2\/users\/1"}],"replies":[{"embeddable":true,"href":"https:\/\/www.serradoraverges.com\/es\/wp-json\/wp\/v2\/comments?post=216"}],"version-history":[{"count":22,"href":"https:\/\/www.serradoraverges.com\/es\/wp-json\/wp\/v2\/pages\/216\/revisions"}],"predecessor-version":[{"id":578,"href":"https:\/\/www.serradoraverges.com\/es\/wp-json\/wp\/v2\/pages\/216\/revisions\/578"}],"wp:attachment":[{"href":"https:\/\/www.serradoraverges.com\/es\/wp-json\/wp\/v2\/media?parent=216"}],"curies":[{"name":"wp","href":"https:\/\/api.w.org\/{rel}","templated":true}]}}