{"id":455,"date":"2023-12-20T12:55:27","date_gmt":"2023-12-20T11:55:27","guid":{"rendered":"https:\/\/gestsoft.cat\/proves\/serradora\/?page_id=455"},"modified":"2024-01-03T15:29:54","modified_gmt":"2024-01-03T14:29:54","slug":"avis-legal","status":"publish","type":"page","link":"https:\/\/www.serradoraverges.com\/es\/avis-legal\/","title":{"rendered":"Av\u00eds Legal"},"content":{"rendered":"<div data-elementor-type=\"wp-page\" data-elementor-id=\"455\" class=\"elementor elementor-455\">\n\t\t\t\t\t\t\t<div class=\"elementor-element elementor-element-5bf9451 e-flex e-con-boxed e-con e-parent\" data-id=\"5bf9451\" data-element_type=\"container\" data-settings=\"{&quot;content_width&quot;:&quot;boxed&quot;}\" data-core-v316-plus=\"true\">\n\t\t\t\t\t<div class=\"e-con-inner\">\n\t\t\t\t<div class=\"elementor-element elementor-element-582cd5b elementor-widget elementor-widget-text-editor\" data-id=\"582cd5b\" data-element_type=\"widget\" data-widget_type=\"text-editor.default\">\n\t\t\t\t<div class=\"elementor-widget-container\">\n\t\t\t<style>\/*! elementor - v3.18.0 - 08-12-2023 *\/\n.elementor-widget-text-editor.elementor-drop-cap-view-stacked .elementor-drop-cap{background-color:#69727d;color:#fff}.elementor-widget-text-editor.elementor-drop-cap-view-framed .elementor-drop-cap{color:#69727d;border:3px solid;background-color:transparent}.elementor-widget-text-editor:not(.elementor-drop-cap-view-default) .elementor-drop-cap{margin-top:8px}.elementor-widget-text-editor:not(.elementor-drop-cap-view-default) .elementor-drop-cap-letter{width:1em;height:1em}.elementor-widget-text-editor .elementor-drop-cap{float:left;text-align:center;line-height:1;font-size:50px}.elementor-widget-text-editor .elementor-drop-cap-letter{display:inline-block}<\/style>\t\t\t\t<ol>\n<li><strong> OBJECTE<\/strong><\/li>\n<\/ol>\n<p>Aquest av\u00eds legal regula l\u2019\u00fas i la utilitzaci\u00f3 del lloc web www.serradoraverges.com, del qual \u00e9s titular SERRADORA VERG\u00c9S SL (d\u2019ara endavant, EL PROPIETARI DE LA WEB).<br>La navegaci\u00f3 pel lloc web d\u2019EL PROPIETARI DE LA WEB us atribueix la condici\u00f3 d\u2019USUARI del mateix i comporta la seva acceptaci\u00f3 plena i sense reserves de totes i cadascuna de les condicions publicades en aquest av\u00eds legal, advertint que aquestes condicions podran ser modificades sense notificaci\u00f3 pr\u00e8via per part del PROPIETARI DE LA WEB, cas en qu\u00e8 es procedir\u00e0 a la seva publicaci\u00f3 i av\u00eds amb la m\u00e0xima antelaci\u00f3 possible.<br>Per aix\u00f2 \u00e9s recomanable llegir-ne atentament el contingut en cas de desitjar accedir i fer \u00fas de la informaci\u00f3 i dels serveis oferts des d\u2019aquest lloc web.<br>L\u2019usuari, a m\u00e9s, s\u2019obliga a fer un \u00fas correcte del lloc web de conformitat amb les lleis, la bona fe, l\u2019ordre p\u00fablic, els usos del tr\u00e0nsit i aquest Av\u00eds Legal, i respondr\u00e0 davant del PROPIETARI DEL WEB o davant a tercers, de qualssevol danys i perjudicis que es puguin causar com a conseq\u00fc\u00e8ncia de l\u2019incompliment de la dita obligaci\u00f3.<br>Qualsevol utilitzaci\u00f3 diferent de l\u2019autoritzada est\u00e0 expressament prohibida, i EL PROPIETARI DEL WEB pot denegar o retirar l\u2019acc\u00e9s i el seu \u00fas en qualsevol moment.<\/p>\n<ol start=\"2\">\n<li><strong> IDENTIFICACI\u00d3<\/strong><\/li>\n<\/ol>\n<p>EL PROPIETARI DEL WEB, en compliment de la Llei 34\/2002, d\u201911 de juliol, de Serveis de la Societat de la Informaci\u00f3 i de Comer\u00e7 Electr\u00f2nic, us informa que:<\/p>\n<ul>\n<li>La seva denominaci\u00f3 social \u00e9s: SERRADORA VERG\u00c9S SL<\/li>\n<li>El seu CIF \u00e9s: B60480886<\/li>\n<li>El seu domicili social \u00e9s a: Carrer Doctor Casas 57, 08572 Sant Pere de Torell\u00f3 (Barcelona)<\/li>\n<li>Inscrita al Registre Mercantil de Barcelona&nbsp;<\/li>\n<\/ul>\n<ol start=\"3\">\n<li><strong> COMUNICACIONS<\/strong><\/li>\n<\/ol>\n<p>Per comunicar-se amb nosaltres, posem a la vostra disposici\u00f3 diferents mitjans de contacte que detallem a continuaci\u00f3:<\/p>\n<ul>\n<li>Email: info@serradoraverges.com\n<p>Totes les notificacions i comunicacions entre els usuaris i PROPIETARI DE LA WEB es consideraran eficaces, amb car\u00e0cter general, quan es realitzin a trav\u00e9s de qualsevol mitj\u00e0 dels detallats anteriorment.<\/p>\n<\/li>\n<\/ul>\n<ol start=\"4\">\n<li><strong> CONDICIONS D\u2019ACC\u00c9S I UTILITZACI\u00d3<\/strong><\/li>\n<\/ol>\n<p>El lloc web i els seus serveis s\u00f3n lliures i gratu\u00efts. No obstant aix\u00f2, PROPIETARI DE LA WEB pot condicionar la utilitzaci\u00f3 d\u2019alguns dels serveis oferts a la seva web a l\u2019emplenament previ del corresponent formulari.<br>L\u2019usuari garanteix l\u2019autenticitat i l\u2019actualitat de totes aquelles dades que comuniqui a PROPIETARI DEL WEB i ser\u00e0 l\u2019\u00fanic responsable de les manifestacions falses o inexactes que faci.<br>L\u2019usuari es compromet expressament a fer un \u00fas adequat dels continguts i serveis de PROPIETARI DEL WEB i a no emprar-los per, entre d\u2019altres:<\/p>\n<ol>\n<li><strong>a)<\/strong>Difondre continguts delictius, violents, pornogr\u00e0fics, racistes, xen\u00f2fobs, ofensius, d\u2019apologia del terrorisme o, en general, contraris a la llei o ordre p\u00fablic.<\/li>\n<li><strong>b)<\/strong>Introduir a la xarxa virus inform\u00e0tics o realitzar actuacions susceptibles d\u2019alterar, fer malb\u00e9, interrompre o generar errors o danys en els documents electr\u00f2nics, dades o sistemes f\u00edsics i l\u00f2gics de PROPIETARI DEL WEB o de terceres persones; aix\u00ed com obstaculitzar l\u2019acc\u00e9s d\u2019altres usuaris al lloc web i als seus serveis mitjan\u00e7ant el consum massiu dels recursos inform\u00e0tics a trav\u00e9s dels quals PROPIETARI DE LA WEB presta serveis.<\/li>\n<li><strong>c)<\/strong>Intentar accedir als comptes de correu electr\u00f2nic d\u2019altres usuaris o a \u00e0rees restringides dels sistemes inform\u00e0tics de PROPIETARI DEL WEB o de tercers i, si escau, extreure\u2019n informaci\u00f3.<\/li>\n<li><strong>d)<\/strong>Vulnerar els drets de propietat intel\u00b7lectual o industrial, aix\u00ed com violar la confidencialitat de la informaci\u00f3 de PROPIETARI DEL WEB o de tercers.<\/li>\n<li><strong>e)<\/strong>Suplantar la identitat de qualsevol altre usuari.<\/li>\n<li><strong>f)<\/strong>Reproduir, copiar, distribuir, posar a disposici\u00f3 de, o qualsevol altra forma de comunicaci\u00f3 p\u00fablica, transformar o modificar els continguts, llevat que es compti amb l\u2019autoritzaci\u00f3 del titular dels drets corresponents o aix\u00f2 resulti legalment perm\u00e8s.<\/li>\n<li><strong>g)<\/strong>Demanar dades amb finalitat publicit\u00e0ria i de remetre publicitat de qualsevol classe i comunicacions amb fins de venda o altres de naturalesa comercial sense que intervingui la seva pr\u00e8via sol\u00b7licitud o consentiment.<\/li>\n<\/ol>\n<p>Tots els continguts del lloc web, com ara textos, fotografies, gr\u00e0fics, imatges, icones, tecnologia, programari, aix\u00ed com el seu disseny gr\u00e0fic i codis font, constitueixen una obra la propietat de la qual pertany a PROPIETARI DE LA WEB, sense que es puguin entendre cedits a l\u2019usuari cap dels drets d\u2019explotaci\u00f3 sobre aquests m\u00e9s enll\u00e0 del que \u00e9s estrictament necessari per al correcte \u00fas de la web.<br>En definitiva, els usuaris que accedeixin a aquest lloc web poden visualitzar els continguts i efectuar, si escau, c\u00f2pies privades autoritzades sempre que els elements reprodu\u00efts no siguin cedits posteriorment a tercers, ni s\u2019instal\u00b7lin a servidors connectats a xarxes, ni siguin objecte de cap mena d\u2019explotaci\u00f3.<br>Aix\u00ed mateix, totes les marques, noms comercials o signes distintius de qualsevol classe que apareixen al lloc web s\u00f3n propietat de PROPIETARI DE LA WEB, sense que es pugui entendre que l\u2019\u00fas o acc\u00e9s a aquest atribueixi a l\u2019usuari cap dret sobre aquests.<br>La distribuci\u00f3, modificaci\u00f3, cessi\u00f3 o comunicaci\u00f3 p\u00fablica dels continguts i qualsevol altre acte que no hagi estat expressament autoritzat pel titular dels drets d\u2019explotaci\u00f3 queden prohibits.<br>L\u2019establiment d\u2019un hipervincle no implica en cap cas l\u2019exist\u00e8ncia de relacions entre PROPIETARI DEL WEB i el propietari del lloc web on s\u2019estableixi, ni l\u2019acceptaci\u00f3 i l\u2019aprovaci\u00f3 per part de PROPIETARI DEL WEB dels seus continguts o serveis.<br>PROPIETARI DE LA WEB no es responsabilitza de l\u2019\u00fas que cada usuari doni als materials posats a disposici\u00f3 en aquest lloc web ni de les actuacions que realitzi sobre la base d\u2019aquests.<\/p>\n<p><strong>4.1. EXCLUSI\u00d3 DE GARANTIES I DE RESPONSABILITAT EN L\u2019ACC\u00c9S I LA UTILITZACI\u00d3<\/strong><\/p>\n<p>El contingut del present lloc web \u00e9s de car\u00e0cter general i t\u00e9 una finalitat merament informativa, sense que se\u2019n garanteixi plenament l\u2019acc\u00e9s a tots els continguts, ni la seva exhaustivitat, correcci\u00f3, vig\u00e8ncia o actualitat, ni la seva idone\u00eftat o utilitat per a un objectiu espec\u00edfic.<br>PROPIETARI DEL WEB exclou, fins on permet l\u2019ordenament jur\u00eddic, qualsevol responsabilitat pels danys i perjudicis de tota naturalesa derivats de:<\/p>\n<ol>\n<li><strong>a)<\/strong>La impossibilitat d\u2019acc\u00e9s al lloc web o la manca de veracitat, exactitud, exhaustivitat i\/o actualitat dels continguts, aix\u00ed com l\u2019exist\u00e8ncia de vicis i defectes de tota mena dels continguts transmesos, difosos, emmagatzemats, posats a disposici\u00f3, als que s\u2019hagi accedit a trav\u00e9s del lloc web o dels serveis que s\u2019hi ofereixen.<\/li>\n<li><strong>b)<\/strong>La pres\u00e8ncia de virus o d\u2019altres elements en els continguts que puguin produir alteracions als sistemes inform\u00e0tics, documents electr\u00f2nics o dades dels usuaris.<\/li>\n<li><strong>c)<\/strong>L\u2019incompliment de les lleis, la bona fe, l\u2019ordre p\u00fablic, els usos del tr\u00e0nsit i aquest av\u00eds legal com a conseq\u00fc\u00e8ncia de l\u2019\u00fas incorrecte del lloc web. En particular, i de manera exemplificativa, PROPIETARI DE LA WEB no es fa responsable de les actuacions de tercers que vulnerin drets de propietat intel\u00b7lectual i industrial, secrets empresarials, drets a l\u2019honor, a la intimitat personal i familiar i a la pr\u00f2pia imatge, aix\u00ed com la normativa en mat\u00e8ria de compet\u00e8ncia deslleial i publicitat il\u00b7l\u00edcita.<\/li>\n<\/ol>\n<p>Aix\u00ed mateix, PROPIETARI DE LA WEB declina qualsevol responsabilitat respecte a la informaci\u00f3 que estigui fora d\u2019aquesta web i no sigui gestionada directament pel nostre webmaster. La funci\u00f3 dels links que apareixen en aquesta web \u00e9s exclusivament informar l\u2019usuari sobre l\u2019exist\u00e8ncia d\u2019altres fonts susceptibles d\u2019ampliar els continguts que ofereix aquest lloc web. PROPIETARI DE LA WEB no garanteix ni es responsabilitza del funcionament o accessibilitat dels llocs enlla\u00e7ats; ni suggereix, convida o recomana la visita a aquests, per la qual cosa tampoc ser\u00e0 responsable del resultat obtingut. PROPIETARI DEL WEB no es responsabilitza de l\u2019establiment d\u2019hipervincles per part de tercers.<\/p>\n<p><strong>4.2. PROCEDIMENT EN CAS DE REALITZACI\u00d3 D\u2019ACTIVITATS DE CAR\u00c0CTER IL\u00b7L\u00cdCIT<\/strong><\/p>\n<p>En el cas que qualsevol usuari o un tercer consideri que hi ha fets o circumst\u00e0ncies que revelin el car\u00e0cter il\u00b7l\u00edcit de la utilitzaci\u00f3 de qualsevol contingut i\/o de la realitzaci\u00f3 de qualsevol activitat a les p\u00e0gines web incloses o accessibles a trav\u00e9s del lloc web, haur\u00e0 de enviar una notificaci\u00f3 a PROPIETARI DEL WEB identificant-se degudament i especificant les suposades infraccions.<\/p>\n<p><strong>4.3. PUBLICACIONS<\/strong><\/p>\n<p>La informaci\u00f3 administrativa facilitada a trav\u00e9s del lloc web no substitueix la publicitat legal de les lleis, normatives, plans, disposicions generals i actes que hagin de ser publicats formalment als diaris oficials de les administracions p\u00fabliques, que constitueixen l\u2019\u00fanic instrument que dona fe de la seva autenticitat i contingut. La informaci\u00f3 disponible en aquest lloc web ha d\u2019entendre\u2019s com una guia sense prop\u00f2sit de validesa legal.<\/p>\n<ol start=\"5\">\n<li><strong> LEGISLACI\u00d3 APLICABLE<\/strong><\/li>\n<\/ol>\n<p>Les condicions presents es regeixen per la legislaci\u00f3 espanyola vigent.<br>La llengua utilitzada ser\u00e0 el Catal\u00e0.<\/p>\n<p><\/p>\t\t\t\t\t\t<\/div>\n\t\t\t\t<\/div>\n\t\t\t\t\t<\/div>\n\t\t\t\t<\/div>\n\t\t\t\t\t\t\t<\/div>","protected":false},"excerpt":{"rendered":"<p>OBJECTE Aquest av\u00eds legal regula l\u2019\u00fas i la utilitzaci\u00f3 del lloc web www.serradoraverges.com, del qual \u00e9s titular SERRADORA VERG\u00c9S SL (d\u2019ara endavant, EL PROPIETARI DE LA WEB).La navegaci\u00f3 pel lloc web d\u2019EL PROPIETARI DE LA WEB us atribueix la condici\u00f3 d\u2019USUARI del mateix i comporta la seva acceptaci\u00f3 plena i sense reserves de totes i [&hellip;]<\/p>","protected":false},"author":1,"featured_media":0,"parent":0,"menu_order":0,"comment_status":"closed","ping_status":"closed","template":"elementor_header_footer","meta":{"_monsterinsights_skip_tracking":false,"_monsterinsights_sitenote_active":false,"_monsterinsights_sitenote_note":"","_monsterinsights_sitenote_category":0,"footnotes":""},"class_list":["post-455","page","type-page","status-publish","hentry"],"aioseo_notices":[],"_links":{"self":[{"href":"https:\/\/www.serradoraverges.com\/es\/wp-json\/wp\/v2\/pages\/455","targetHints":{"allow":["GET"]}}],"collection":[{"href":"https:\/\/www.serradoraverges.com\/es\/wp-json\/wp\/v2\/pages"}],"about":[{"href":"https:\/\/www.serradoraverges.com\/es\/wp-json\/wp\/v2\/types\/page"}],"author":[{"embeddable":true,"href":"https:\/\/www.serradoraverges.com\/es\/wp-json\/wp\/v2\/users\/1"}],"replies":[{"embeddable":true,"href":"https:\/\/www.serradoraverges.com\/es\/wp-json\/wp\/v2\/comments?post=455"}],"version-history":[{"count":10,"href":"https:\/\/www.serradoraverges.com\/es\/wp-json\/wp\/v2\/pages\/455\/revisions"}],"predecessor-version":[{"id":480,"href":"https:\/\/www.serradoraverges.com\/es\/wp-json\/wp\/v2\/pages\/455\/revisions\/480"}],"wp:attachment":[{"href":"https:\/\/www.serradoraverges.com\/es\/wp-json\/wp\/v2\/media?parent=455"}],"curies":[{"name":"wp","href":"https:\/\/api.w.org\/{rel}","templated":true}]}}