{"id":8,"date":"2023-12-11T11:04:48","date_gmt":"2023-12-11T10:04:48","guid":{"rendered":"https:\/\/gestsoft.cat\/proves\/serradora\/?page_id=8"},"modified":"2024-04-29T16:15:33","modified_gmt":"2024-04-29T14:15:33","slug":"inici","status":"publish","type":"page","link":"https:\/\/www.serradoraverges.com\/es\/","title":{"rendered":"Inicio"},"content":{"rendered":"<div data-elementor-type=\"wp-page\" data-elementor-id=\"8\" class=\"elementor elementor-8\">\n\t\t\t\t\t\t\t<div class=\"elementor-element elementor-element-003a1d7 e-flex e-con-boxed e-con e-parent\" data-id=\"003a1d7\" data-element_type=\"container\" data-settings=\"{&quot;content_width&quot;:&quot;boxed&quot;}\" data-core-v316-plus=\"true\">\n\t\t\t\t\t<div class=\"e-con-inner\">\n\t\t\t\t<div class=\"elementor-element elementor-element-b7bd460 elementor-hidden-mobile elementor-widget elementor-widget-shortcode\" data-id=\"b7bd460\" data-element_type=\"widget\" data-widget_type=\"shortcode.default\">\n\t\t\t\t<div class=\"elementor-widget-container\">\n\t\t\t\t\t<div class=\"elementor-shortcode\"><\/div>\n\t\t\t\t<\/div>\n\t\t\t\t<\/div>\n\t\t\t\t\t<\/div>\n\t\t\t\t<\/div>\n\t\t<div class=\"elementor-element elementor-element-e59cc19 e-flex e-con-boxed e-con e-parent\" data-id=\"e59cc19\" data-element_type=\"container\" data-settings=\"{&quot;content_width&quot;:&quot;boxed&quot;}\" data-core-v316-plus=\"true\">\n\t\t\t\t\t<div class=\"e-con-inner\">\n\t\t<div class=\"elementor-element elementor-element-640ca70 e-con-full e-flex e-con e-child\" data-id=\"640ca70\" data-element_type=\"container\" data-settings=\"{&quot;content_width&quot;:&quot;full&quot;}\">\n\t\t\t\t<div class=\"elementor-element elementor-element-99e0fdb elementor-widget elementor-widget-text-editor\" data-id=\"99e0fdb\" data-element_type=\"widget\" data-widget_type=\"text-editor.default\">\n\t\t\t\t<div class=\"elementor-widget-container\">\n\t\t\t<style>\/*! elementor - v3.18.0 - 08-12-2023 *\/\n.elementor-widget-text-editor.elementor-drop-cap-view-stacked .elementor-drop-cap{background-color:#69727d;color:#fff}.elementor-widget-text-editor.elementor-drop-cap-view-framed .elementor-drop-cap{color:#69727d;border:3px solid;background-color:transparent}.elementor-widget-text-editor:not(.elementor-drop-cap-view-default) .elementor-drop-cap{margin-top:8px}.elementor-widget-text-editor:not(.elementor-drop-cap-view-default) .elementor-drop-cap-letter{width:1em;height:1em}.elementor-widget-text-editor .elementor-drop-cap{float:left;text-align:center;line-height:1;font-size:50px}.elementor-widget-text-editor .elementor-drop-cap-letter{display:inline-block}<\/style>\t\t\t\t<h1>Bienvenidos a<\/h1><h1>Serradora Verg\u00e9s S.L<\/h1><p>Una empresa con 70 a\u00f1os de historia destinada a fabricar el producto m\u00e1s adecuado a cada cliente.<\/p><p>Asesoramos y ayudamos a dise\u00f1ar el palet o embalaje, para que su producto llegue en las mejores condiciones posibles.<\/p><p><span style=\"text-align: var(--text-align);\">Tambi\u00e9n realizamos embalajes y trincajes a domicilio.<\/span><\/p><p>Estaremos encantados de conversar con usted y de exponer nuestros criterios de calidad. Y si es necesario nos desplazaremos para ofrecerle personalmente todas las soluciones posibles a sus necesidades.<\/p><p>\u00a0<\/p><h3>\u00a1Su especialista en embalajes y pal\u00e9s a medida!<\/h3>\t\t\t\t\t\t<\/div>\n\t\t\t\t<\/div>\n\t\t\t\t<\/div>\n\t\t<div class=\"elementor-element elementor-element-78b405f e-con-full e-flex e-con e-child\" data-id=\"78b405f\" data-element_type=\"container\" data-settings=\"{&quot;content_width&quot;:&quot;full&quot;}\">\n\t\t\t\t<div class=\"elementor-element elementor-element-c9dc95f elementor-widget elementor-widget-image\" data-id=\"c9dc95f\" data-element_type=\"widget\" data-widget_type=\"image.default\">\n\t\t\t\t<div class=\"elementor-widget-container\">\n\t\t\t<style>\/*! elementor - v3.18.0 - 08-12-2023 *\/\n.elementor-widget-image{text-align:center}.elementor-widget-image a{display:inline-block}.elementor-widget-image a img[src$=\".svg\"]{width:48px}.elementor-widget-image img{vertical-align:middle;display:inline-block}<\/style>\t\t\t\t\t\t\t\t\t\t\t\t<img fetchpriority=\"high\" decoding=\"async\" width=\"483\" height=\"608\" src=\"https:\/\/www.serradoraverges.com\/wp-content\/uploads\/2023\/12\/foto1.jpg\" class=\"attachment-large size-large wp-image-120\" alt=\"\" \/>\t\t\t\t\t\t\t\t\t\t\t\t\t\t\t<\/div>\n\t\t\t\t<\/div>\n\t\t\t\t<\/div>\n\t\t\t\t\t<\/div>\n\t\t\t\t<\/div>\n\t\t<div class=\"elementor-element elementor-element-1d4dd34 e-con-full e-flex e-con e-parent\" data-id=\"1d4dd34\" data-element_type=\"container\" data-settings=\"{&quot;content_width&quot;:&quot;full&quot;,&quot;shape_divider_top&quot;:&quot;mountains&quot;}\" data-core-v316-plus=\"true\">\n\t\t\t\t<div class=\"elementor-shape elementor-shape-top\" data-negative=\"false\">\n\t\t\t<svg xmlns=\"http:\/\/www.w3.org\/2000\/svg\" viewbox=\"0 0 1000 100\" preserveaspectratio=\"none\">\n\t<path class=\"elementor-shape-fill\" opacity=\"0.33\" d=\"M473,67.3c-203.9,88.3-263.1-34-320.3,0C66,119.1,0,59.7,0,59.7V0h1000v59.7 c0,0-62.1,26.1-94.9,29.3c-32.8,3.3-62.8-12.3-75.8-22.1C806,49.6,745.3,8.7,694.9,4.7S492.4,59,473,67.3z\"\/>\n\t<path class=\"elementor-shape-fill\" opacity=\"0.66\" d=\"M734,67.3c-45.5,0-77.2-23.2-129.1-39.1c-28.6-8.7-150.3-10.1-254,39.1 s-91.7-34.4-149.2,0C115.7,118.3,0,39.8,0,39.8V0h1000v36.5c0,0-28.2-18.5-92.1-18.5C810.2,18.1,775.7,67.3,734,67.3z\"\/>\n\t<path class=\"elementor-shape-fill\" d=\"M766.1,28.9c-200-57.5-266,65.5-395.1,19.5C242,1.8,242,5.4,184.8,20.6C128,35.8,132.3,44.9,89.9,52.5C28.6,63.7,0,0,0,0 h1000c0,0-9.9,40.9-83.6,48.1S829.6,47,766.1,28.9z\"\/>\n<\/svg>\t\t<\/div>\n\t\t<div class=\"elementor-element elementor-element-ce96225 e-con-full e-flex e-con e-child\" data-id=\"ce96225\" data-element_type=\"container\" data-settings=\"{&quot;content_width&quot;:&quot;full&quot;}\">\n\t\t\t\t<div class=\"elementor-element elementor-element-71abe3b animated-slow elementor-invisible elementor-widget elementor-widget-text-editor\" data-id=\"71abe3b\" data-element_type=\"widget\" data-settings=\"{&quot;_animation&quot;:&quot;fadeIn&quot;}\" data-widget_type=\"text-editor.default\">\n\t\t\t\t<div class=\"elementor-widget-container\">\n\t\t\t\t\t\t\t<h1><strong><span style=\"color: #139581;\">\u00a0<\/span><\/strong><\/h1><h1><strong><span style=\"color: #139581;\"><br \/>SOSTENIBILIDAD<\/span><\/strong><\/h1><div><h4 style=\"text-align: left;\">Comprometidos con el medio ambiente, ofrecemos a nuestros clientes la posibilidad de adquirir nuestros productos con certificaci\u00f3n\u00a0<span class=\"hiddenSpellError\">PEFC<\/span>, acreditando que todo producto con esta certificaci\u00f3n proviene de bosques sostenibles.<\/h4><\/div><div><span style=\"color: #000000;\">\u00a0<\/span><\/div>\t\t\t\t\t\t<\/div>\n\t\t\t\t<\/div>\n\t\t\t\t<\/div>\n\t\t<div class=\"elementor-element elementor-element-8acaf0b e-con-full e-flex e-con e-child\" data-id=\"8acaf0b\" data-element_type=\"container\" data-settings=\"{&quot;content_width&quot;:&quot;full&quot;}\">\n\t\t\t\t<div class=\"elementor-element elementor-element-274d66c elementor-invisible elementor-widget elementor-widget-image\" data-id=\"274d66c\" data-element_type=\"widget\" data-settings=\"{&quot;_animation&quot;:&quot;fadeInRight&quot;}\" data-widget_type=\"image.default\">\n\t\t\t\t<div class=\"elementor-widget-container\">\n\t\t\t\t\t\t\t\t\t\t\t\t\t\t\t<img decoding=\"async\" width=\"300\" height=\"206\" src=\"https:\/\/www.serradoraverges.com\/wp-content\/uploads\/2024\/03\/pefc-label-pefc14-35-00581-web.png\" class=\"attachment-medium size-medium wp-image-523\" alt=\"\" \/>\t\t\t\t\t\t\t\t\t\t\t\t\t\t\t<\/div>\n\t\t\t\t<\/div>\n\t\t\t\t<\/div>\n\t\t\t\t<\/div>\n\t\t<div class=\"elementor-element elementor-element-95e9049 e-con-full e-flex e-con e-parent\" data-id=\"95e9049\" data-element_type=\"container\" data-settings=\"{&quot;content_width&quot;:&quot;full&quot;}\" data-core-v316-plus=\"true\">\n\t\t<div class=\"elementor-element elementor-element-8abb30c e-con-full e-flex e-con e-child\" data-id=\"8abb30c\" data-element_type=\"container\" data-settings=\"{&quot;content_width&quot;:&quot;full&quot;}\">\n\t\t\t\t<div class=\"elementor-element elementor-element-81d0cb8 elementor-invisible elementor-widget elementor-widget-image\" data-id=\"81d0cb8\" data-element_type=\"widget\" data-settings=\"{&quot;_animation&quot;:&quot;fadeInLeft&quot;}\" data-widget_type=\"image.default\">\n\t\t\t\t<div class=\"elementor-widget-container\">\n\t\t\t\t\t\t\t\t\t\t\t\t\t\t\t<img decoding=\"async\" width=\"300\" height=\"281\" src=\"https:\/\/www.serradoraverges.com\/wp-content\/uploads\/2023\/12\/pal.png\" class=\"attachment-medium size-medium wp-image-345\" alt=\"\" \/>\t\t\t\t\t\t\t\t\t\t\t\t\t\t\t<\/div>\n\t\t\t\t<\/div>\n\t\t\t\t<\/div>\n\t\t<div class=\"elementor-element elementor-element-6e6e88e e-con-full e-flex e-con e-child\" data-id=\"6e6e88e\" data-element_type=\"container\" data-settings=\"{&quot;content_width&quot;:&quot;full&quot;}\">\n\t\t\t\t<div class=\"elementor-element elementor-element-d2e946f elementor-widget elementor-widget-text-editor\" data-id=\"d2e946f\" data-element_type=\"widget\" data-widget_type=\"text-editor.default\">\n\t\t\t\t<div class=\"elementor-widget-container\">\n\t\t\t\t\t\t\t<h3>Nos especializamos en toda gama de embalajes y pal\u00e9s a medida sin olvidarnos de los tama\u00f1os est\u00e1ndar.<\/h3><h3>Tenemos una gran variedad de productos siempre en stock para no dejar a ning\u00fan cliente sin ser atendido.<\/h3>\t\t\t\t\t\t<\/div>\n\t\t\t\t<\/div>\n\t\t\t\t<\/div>\n\t\t\t\t<\/div>\n\t\t<div class=\"elementor-element elementor-element-b94d4b9 e-con-full e-flex e-con e-parent\" data-id=\"b94d4b9\" data-element_type=\"container\" data-settings=\"{&quot;content_width&quot;:&quot;full&quot;,&quot;shape_divider_bottom&quot;:&quot;opacity-tilt&quot;}\" data-core-v316-plus=\"true\">\n\t\t\t\t<div class=\"elementor-shape elementor-shape-bottom\" data-negative=\"false\">\n\t\t\t<svg xmlns=\"http:\/\/www.w3.org\/2000\/svg\" viewbox=\"0 0 2600 131.1\" preserveaspectratio=\"none\">\n\t<path class=\"elementor-shape-fill\" d=\"M0 0L2600 0 2600 69.1 0 0z\"\/>\n\t<path class=\"elementor-shape-fill\" style=\"opacity:0.5\" d=\"M0 0L2600 0 2600 69.1 0 69.1z\"\/>\n\t<path class=\"elementor-shape-fill\" style=\"opacity:0.25\" d=\"M2600 0L0 0 0 130.1 2600 69.1z\"\/>\n<\/svg>\t\t<\/div>\n\t\t<div class=\"elementor-element elementor-element-cb24b1f e-con-full e-flex e-con e-child\" data-id=\"cb24b1f\" data-element_type=\"container\" data-settings=\"{&quot;content_width&quot;:&quot;full&quot;}\">\n\t\t\t\t<div class=\"elementor-element elementor-element-e9b9270 elementor-position-top elementor-widget elementor-widget-image-box\" data-id=\"e9b9270\" data-element_type=\"widget\" data-widget_type=\"image-box.default\">\n\t\t\t\t<div class=\"elementor-widget-container\">\n\t\t\t<style>\/*! elementor - v3.18.0 - 08-12-2023 *\/\n.elementor-widget-image-box .elementor-image-box-content{width:100%}@media (min-width:768px){.elementor-widget-image-box.elementor-position-left .elementor-image-box-wrapper,.elementor-widget-image-box.elementor-position-right .elementor-image-box-wrapper{display:flex}.elementor-widget-image-box.elementor-position-right .elementor-image-box-wrapper{text-align:right;flex-direction:row-reverse}.elementor-widget-image-box.elementor-position-left .elementor-image-box-wrapper{text-align:left;flex-direction:row}.elementor-widget-image-box.elementor-position-top .elementor-image-box-img{margin:auto}.elementor-widget-image-box.elementor-vertical-align-top .elementor-image-box-wrapper{align-items:flex-start}.elementor-widget-image-box.elementor-vertical-align-middle .elementor-image-box-wrapper{align-items:center}.elementor-widget-image-box.elementor-vertical-align-bottom .elementor-image-box-wrapper{align-items:flex-end}}@media (max-width:767px){.elementor-widget-image-box .elementor-image-box-img{margin-left:auto!important;margin-right:auto!important;margin-bottom:15px}}.elementor-widget-image-box .elementor-image-box-img{display:inline-block}.elementor-widget-image-box .elementor-image-box-title a{color:inherit}.elementor-widget-image-box .elementor-image-box-wrapper{text-align:center}.elementor-widget-image-box .elementor-image-box-description{margin:0}<\/style><div class=\"elementor-image-box-wrapper\"><figure class=\"elementor-image-box-img\"><img loading=\"lazy\" decoding=\"async\" width=\"903\" height=\"751\" src=\"https:\/\/www.serradoraverges.com\/wp-content\/uploads\/2023\/12\/serveis1.png\" class=\"attachment-full size-full wp-image-126\" alt=\"\" \/><\/figure><div class=\"elementor-image-box-content\"><h3 class=\"elementor-image-box-title\">Gama Productos<\/h3><p class=\"elementor-image-box-description\">Ofrecemos una gran gama de productos estandar en stock, y todo tipo de palet y embalaje a medida.<\/p><\/div><\/div>\t\t<\/div>\n\t\t\t\t<\/div>\n\t\t\t\t<\/div>\n\t\t<div class=\"elementor-element elementor-element-52d6524 e-con-full e-flex e-con e-child\" data-id=\"52d6524\" data-element_type=\"container\" data-settings=\"{&quot;content_width&quot;:&quot;full&quot;}\">\n\t\t\t\t<div class=\"elementor-element elementor-element-41131a5 elementor-position-top elementor-widget elementor-widget-image-box\" data-id=\"41131a5\" data-element_type=\"widget\" data-widget_type=\"image-box.default\">\n\t\t\t\t<div class=\"elementor-widget-container\">\n\t\t\t<div class=\"elementor-image-box-wrapper\"><figure class=\"elementor-image-box-img\"><img loading=\"lazy\" decoding=\"async\" width=\"902\" height=\"750\" src=\"https:\/\/www.serradoraverges.com\/wp-content\/uploads\/2023\/12\/serveis2.png\" class=\"attachment-full size-full wp-image-127\" alt=\"\" \/><\/figure><div class=\"elementor-image-box-content\"><h3 class=\"elementor-image-box-title\">Asesor\u00eda T\u00e9cnica<\/h3><p class=\"elementor-image-box-description\">Ofrecemos el servicio a nuestros clientes para asegurar un buen producto para cada una de sus necesidades.<\/p><\/div><\/div>\t\t<\/div>\n\t\t\t\t<\/div>\n\t\t\t\t<\/div>\n\t\t<div class=\"elementor-element elementor-element-b92a844 e-con-full e-flex e-con e-child\" data-id=\"b92a844\" data-element_type=\"container\" data-settings=\"{&quot;content_width&quot;:&quot;full&quot;}\">\n\t\t\t\t<div class=\"elementor-element elementor-element-56d1c2b elementor-position-top elementor-widget elementor-widget-image-box\" data-id=\"56d1c2b\" data-element_type=\"widget\" data-widget_type=\"image-box.default\">\n\t\t\t\t<div class=\"elementor-widget-container\">\n\t\t\t<div class=\"elementor-image-box-wrapper\"><figure class=\"elementor-image-box-img\"><img loading=\"lazy\" decoding=\"async\" width=\"901\" height=\"750\" src=\"https:\/\/www.serradoraverges.com\/wp-content\/uploads\/2023\/12\/serveis3.png\" class=\"attachment-full size-full wp-image-128\" alt=\"\" \/><\/figure><div class=\"elementor-image-box-content\"><h3 class=\"elementor-image-box-title\">Montajes y Trincajes<\/h3><p class=\"elementor-image-box-description\">Realizamos montajes in situ y trincajes de marcader\u00edas para asegurar una buena entrega de su producto.<\/p><\/div><\/div>\t\t<\/div>\n\t\t\t\t<\/div>\n\t\t\t\t<\/div>\n\t\t\t\t<\/div>\n\t\t\t\t\t\t\t<\/div>","protected":false},"excerpt":{"rendered":"<p>Benvinguts a Serradora Verg\u00e9s S.L Una empresa amb 70 anys d&#8217;hist\u00f2ria, destinada a fabricar el producte m\u00e9s adequat per a cada client. Assessorem i ajudem a dissenyar el palet o l&#8217;embalatge, perqu\u00e8 el seu producte arribi en les millors condicions possibles. Tamb\u00e9 realitzem embalatges i trincatges a domicili. Estarem encantats de conversar amb vost\u00e8 i [&hellip;]<\/p>","protected":false},"author":1,"featured_media":0,"parent":0,"menu_order":0,"comment_status":"closed","ping_status":"closed","template":"elementor_header_footer","meta":{"_monsterinsights_skip_tracking":false,"_monsterinsights_sitenote_active":false,"_monsterinsights_sitenote_note":"","_monsterinsights_sitenote_category":0,"footnotes":""},"class_list":["post-8","page","type-page","status-publish","hentry"],"aioseo_notices":[],"_links":{"self":[{"href":"https:\/\/www.serradoraverges.com\/es\/wp-json\/wp\/v2\/pages\/8","targetHints":{"allow":["GET"]}}],"collection":[{"href":"https:\/\/www.serradoraverges.com\/es\/wp-json\/wp\/v2\/pages"}],"about":[{"href":"https:\/\/www.serradoraverges.com\/es\/wp-json\/wp\/v2\/types\/page"}],"author":[{"embeddable":true,"href":"https:\/\/www.serradoraverges.com\/es\/wp-json\/wp\/v2\/users\/1"}],"replies":[{"embeddable":true,"href":"https:\/\/www.serradoraverges.com\/es\/wp-json\/wp\/v2\/comments?post=8"}],"version-history":[{"count":223,"href":"https:\/\/www.serradoraverges.com\/es\/wp-json\/wp\/v2\/pages\/8\/revisions"}],"predecessor-version":[{"id":567,"href":"https:\/\/www.serradoraverges.com\/es\/wp-json\/wp\/v2\/pages\/8\/revisions\/567"}],"wp:attachment":[{"href":"https:\/\/www.serradoraverges.com\/es\/wp-json\/wp\/v2\/media?parent=8"}],"curies":[{"name":"wp","href":"https:\/\/api.w.org\/{rel}","templated":true}]}}